{"id":2782,"date":"2025-03-19T16:53:26","date_gmt":"2025-03-19T14:53:26","guid":{"rendered":"http:\/\/94.237.12.69\/?page_id=2782"},"modified":"2026-04-12T17:13:37","modified_gmt":"2026-04-12T14:13:37","slug":"2782-2","status":"publish","type":"page","link":"https:\/\/hoitolagrace.fi\/","title":{"rendered":"Ajankohtaista"},"content":{"rendered":"<div class=\"wpb-content-wrapper\"><p>[vc_row][vc_column]<div style=\"background-color:;height: 35px\" class=\"nicdark_section  \"><\/div> <h1 style=\"color:#606060;padding:px;text-align:;font-size:px;line-height:px;letter-spacing: px;font-weight:bold\" class=\"    \">Tervetuloa hemmoteltavaksi Kauneushoitola Graceen !<\/h1> <div style=\"background-color:;height: 35px\" class=\"nicdark_section  \"><\/div>[vc_message css=&#8221;&#8221;]<\/p>\n<h2>Saitko lahjakortin?<\/h2>\n<p>&nbsp;<\/p>\n<p>Kev\u00e4\u00e4n ja kes\u00e4n aikana hoitoajat saattavat menn\u00e4 pitk\u00e4lle, sill\u00e4 huhti-elokuun ajat ovat kysyttyj\u00e4.<br \/>\nOma hoitoaika kannattaakin varata mahdollisimman hyviss\u00e4 ajoin.[\/vc_message]<div style=\"background-color:;height: 20px\" class=\"nicdark_section  \"><\/div>[\/vc_column][\/vc_row][vc_row full_height=&#8221;yes&#8221;][vc_column width=&#8221;4\/5&#8243; css=&#8221;.vc_custom_1485342863580{padding: 0px !important;}&#8221;]\n\n\n        \n     \n  \n\n\n<!--START MASONRY--><div class=\"nd_options_section nd_options_masonry_content  \">\n\n\n            <div class=\" nd_options_width_100_percentage nd_options_padding_15 nd_options_box_sizing_border_box nd_options_masonry_item nd_options_width_100_percentage_responsive\">\n                    <div class=\"nd_options_section nd_options_border_1_solid_grey nd_options_bg_white\">\n\n                        <div class=\"nd_options_section nd_options_position_relative\">\n                            \n                            \n\n                        <div class=\"nd_options_section nd_options_position_relative\">\n\t\t\t<img decoding=\"async\" alt=\"\" class=\"nd_options_section\" src=\"https:\/\/hoitolagrace.fi\/wp-content\/uploads\/2026\/03\/uusi_iho.jpg\">\n                        <\/div>\n\n                        <\/div>\n\n                        <div class=\"nd_options_section nd_options_padding_30 nd_options_box_sizing_border_box\">\n                            <h5 class=\"nd_options_margin_0_important nd_options_padding_0 nd_options_second_font nd_options_color_greydark nd_options_font_size_12 nd_options_text_transform_uppercase nd_options_letter_spacing_3 nd_options_font_weight_lighter\">Ajankohtaista  | 12. huhtikuuTA <\/h5>\n\n                            <div class=\"nd_options_section nd_options_height_15\"><\/div>\n                                        <div class=\"nd_options_section nd_options_line_height_0\"><span class=\"nd_options_display_inline_block nd_options_float_left nd_options_bg_greydark nd_options_width_30 nd_options_height_1\"><\/span><\/div>\n                                        <div class=\"nd_options_section nd_options_height_15\"><\/div>\n\n                            <h2 class=\"nd_options_margin_0_important nd_options_padding_0 \">SQT\u00ae Biomikroneulaus<\/h2>\n                            <div class=\"nd_options_section nd_options_height_20\"><\/div>\n                            <p class=\"nd_options_margin_0_important nd_options_padding_0\">SQT\u00ae hy\u00f6dynt\u00e4\u00e4 makean veden sienist\u00e4 eristettyj\u00e4 spongilla spikuloita \u2013 mikroskooppisia biomikroneuloja, jotka kulkeutuvat ihon pintakerrokseen ja aktivoivat sit\u00e4 jopa 72 tunnin ajan. <br><br>Toisin kuin perinteisess\u00e4 mikroneulauksessa, SQT\u00ae ei k\u00e4yt\u00e4 metallineuloja, laitteita tai happoja. Hoito on hell\u00e4varainen mutta poikkeuksellisen tehokas. <br><br>Lue lis\u00e4\u00e4 hoidsota SQT\u00ae Biomikroneulaus-sivulta.<\/p>\n                            <div class=\"nd_options_section nd_options_height_20\"><\/div>\n                        <\/div>\n\n                    <\/div>\n                <\/div>\n\n\n          \n\n\n            <div class=\" nd_options_width_100_percentage nd_options_padding_15 nd_options_box_sizing_border_box nd_options_masonry_item nd_options_width_100_percentage_responsive\">\n                    <div class=\"nd_options_section nd_options_border_1_solid_grey nd_options_bg_white\">\n\n                        <div class=\"nd_options_section nd_options_position_relative\">\n                            \n                            \n\n                        <div class=\"nd_options_section nd_options_position_relative\">\n\t\t\t<img decoding=\"async\" alt=\"\" class=\"nd_options_section\" src=\"https:\/\/hoitolagrace.fi\/wp-content\/uploads\/2026\/03\/pinssi.png\">\n                        <\/div>\n\n                        <\/div>\n\n                        <div class=\"nd_options_section nd_options_padding_30 nd_options_box_sizing_border_box\">\n                            <h5 class=\"nd_options_margin_0_important nd_options_padding_0 nd_options_second_font nd_options_color_greydark nd_options_font_size_12 nd_options_text_transform_uppercase nd_options_letter_spacing_3 nd_options_font_weight_lighter\">Ajankohtaista  | 12. huhtikuuTA <\/h5>\n\n                            <div class=\"nd_options_section nd_options_height_15\"><\/div>\n                                        <div class=\"nd_options_section nd_options_line_height_0\"><span class=\"nd_options_display_inline_block nd_options_float_left nd_options_bg_greydark nd_options_width_30 nd_options_height_1\"><\/span><\/div>\n                                        <div class=\"nd_options_section nd_options_height_15\"><\/div>\n\n                            <h2 class=\"nd_options_margin_0_important nd_options_padding_0 \">Miksi valita SKY-kosmetologi ?<\/h2>\n                            <div class=\"nd_options_section nd_options_height_20\"><\/div>\n                            <p class=\"nd_options_margin_0_important nd_options_padding_0\">SKY-kosmetologi on ihonhoidon koulutettu ammattilainen.<br><br> Kaikki SKY-kosmetologit ovat todistetusti koulutettuja ammattilaisia. T\u00e4st\u00e4 osoituksena heid\u00e4n rintapieliss\u00e4\u00e4n loistaa t\u00e4htimerkki. Vastuunsa ja ammattinsa rajat tuntevat kosmetologit haluavat t\u00e4ydent\u00e4\u00e4 osaamistaan vuodesta toiseen. Oikeilla ohjeilla ja tuotteilla hoidat ihoasi oikein my\u00f6s kotona. Ammattitaidolla tarkasti valitut tuotteet s\u00e4\u00e4st\u00e4v\u00e4t sinut hukkahankinnoilta.<br><br> Iho on ihmisen suurin elin ja siit\u00e4 huolehtiminen ei ole pelkk\u00e4\u00e4 kauneudenhoitoa. SKY-kosmetologit osaavat kertoa sinulle, jos on aika suunnata l\u00e4\u00e4k\u00e4rin vastaanotolle.<br><br> Kauneudenhoitomarkkinoilla on paljon sellaisia tuotteita, joiden tehosta tai turvallisuudesta ei ole takeita. SKY-kosmetologit osaavat arvioida tuotetarjontaa ja suositella juuri sinulle sopivia turvallisia ja tehokkaita tuotteita.<br><br> Suomen Kosmetologien Yhdistys<\/p>\n                            <div class=\"nd_options_section nd_options_height_20\"><\/div>\n                        <\/div>\n\n                    <\/div>\n                <\/div>\n\n\n          \n\n\n            <div class=\" nd_options_width_100_percentage nd_options_padding_15 nd_options_box_sizing_border_box nd_options_masonry_item nd_options_width_100_percentage_responsive\">\n                    <div class=\"nd_options_section nd_options_border_1_solid_grey nd_options_bg_white\">\n\n                        <div class=\"nd_options_section nd_options_position_relative\">\n                            \n                            \n\n                        <\/div>\n\n                        <div class=\"nd_options_section nd_options_padding_30 nd_options_box_sizing_border_box\">\n                            <h5 class=\"nd_options_margin_0_important nd_options_padding_0 nd_options_second_font nd_options_color_greydark nd_options_font_size_12 nd_options_text_transform_uppercase nd_options_letter_spacing_3 nd_options_font_weight_lighter\">Ajankohtaista  | 12. huhtikuuTA <\/h5>\n\n                            <div class=\"nd_options_section nd_options_height_15\"><\/div>\n                                        <div class=\"nd_options_section nd_options_line_height_0\"><span class=\"nd_options_display_inline_block nd_options_float_left nd_options_bg_greydark nd_options_width_30 nd_options_height_1\"><\/span><\/div>\n                                        <div class=\"nd_options_section nd_options_height_15\"><\/div>\n\n                            <h2 class=\"nd_options_margin_0_important nd_options_padding_0 \">Uusi kotisivu<\/h2>\n                            <div class=\"nd_options_section nd_options_height_20\"><\/div>\n                            <p class=\"nd_options_margin_0_important nd_options_padding_0\">Terveloa Gracen uudistuneille kotisivuille.<\/p>\n                            <div class=\"nd_options_section nd_options_height_20\"><\/div>\n                        <\/div>\n\n                    <\/div>\n                <\/div>\n\n\n          <\/div><!--CLOSE MASONRY-->[\/vc_column][vc_column width=&#8221;1\/5&#8243; css=&#8221;.vc_custom_1772980804330{padding-top: 15px !important;padding-right: 15px !important;padding-bottom: 15px !important;padding-left: 15px !important;}&#8221; el_id=&#8221;ajankohtaista_oikea&#8221;]\n\n\n  <!--START team-->\n  <div class=\"nd_options_section \">\n                                        \n    <!--image-->\n    <div class=\"nd_options_section\">\n        \n        <img decoding=\"async\" alt=\"\" class=\"nd_options_section\" src=\"https:\/\/hoitolagrace.fi\/wp-content\/uploads\/2026\/03\/sky.jpg\">\n\n    <\/div>\n    <!--image-->\n\n\n    <div class=\"nd_options_section nd_options_padding_20 nd_options_box_sizing_border_box\">\n    \n        <h2 class=\"nd_options_margin_0_important\"><strong><\/strong><\/h2>\n        <div class=\"nd_options_section nd_options_height_10\"><\/div> \n        <h6 class=\"nd_options_text_transform_uppercase nd_options_margin_0_important\">SKY - kosmetologi<\/h6>\n        <div class=\"nd_options_section nd_options_height_20\"><\/div> \n        <p class=\"nd_options_margin_0_important\"><\/p>\n        <div class=\"nd_options_section nd_options_height_20\"><\/div> \n        <a rel=\"\" target=\"_self\" style=\"background-color:\" class=\"nd_options_margin_0_important nd_options_display_inline_block nd_options_color_white nd_options_first_font nd_options_padding_8 nd_options_border_radius_3 nd_options_font_size_13\" href=\"\"><\/a>\n\n    <\/div>\n\n  <\/div>\n  <!--END team-->\n\n\n   [\/vc_column][\/vc_row]<\/p>\n<\/div>","protected":false},"excerpt":{"rendered":"<p>[vc_row][vc_column][vc_message css=&#8221;&#8221;] Saitko lahjakortin? &nbsp; Kev\u00e4\u00e4n ja kes\u00e4n aikana hoitoajat saattavat menn\u00e4 pitk\u00e4lle, sill\u00e4 huhti-elokuun ajat ovat kysyttyj\u00e4. Oma hoitoaika kannattaakin varata mahdollisimman hyviss\u00e4 ajoin.[\/vc_message][\/vc_column][\/vc_row][vc_row full_height=&#8221;yes&#8221;][vc_column width=&#8221;4\/5&#8243; css=&#8221;.vc_custom_1485342863580{padding: 0px !important;}&#8221;][\/vc_column][vc_column width=&#8221;1\/5&#8243; css=&#8221;.vc_custom_1772980804330{padding-top: 15px !important;padding-right: 15px !important;padding-bottom: 15px !important;padding-left: 15px !important;}&#8221; el_id=&#8221;ajankohtaista_oikea&#8221;][\/vc_column][\/vc_row]<\/p>\n","protected":false},"author":1,"featured_media":0,"parent":0,"menu_order":0,"comment_status":"closed","ping_status":"closed","template":"","meta":{"footnotes":""},"class_list":["post-2782","page","type-page","status-publish","hentry"],"_links":{"self":[{"href":"https:\/\/hoitolagrace.fi\/index.php?rest_route=\/wp\/v2\/pages\/2782","targetHints":{"allow":["GET"]}}],"collection":[{"href":"https:\/\/hoitolagrace.fi\/index.php?rest_route=\/wp\/v2\/pages"}],"about":[{"href":"https:\/\/hoitolagrace.fi\/index.php?rest_route=\/wp\/v2\/types\/page"}],"author":[{"embeddable":true,"href":"https:\/\/hoitolagrace.fi\/index.php?rest_route=\/wp\/v2\/users\/1"}],"replies":[{"embeddable":true,"href":"https:\/\/hoitolagrace.fi\/index.php?rest_route=%2Fwp%2Fv2%2Fcomments&post=2782"}],"version-history":[{"count":26,"href":"https:\/\/hoitolagrace.fi\/index.php?rest_route=\/wp\/v2\/pages\/2782\/revisions"}],"predecessor-version":[{"id":3066,"href":"https:\/\/hoitolagrace.fi\/index.php?rest_route=\/wp\/v2\/pages\/2782\/revisions\/3066"}],"wp:attachment":[{"href":"https:\/\/hoitolagrace.fi\/index.php?rest_route=%2Fwp%2Fv2%2Fmedia&parent=2782"}],"curies":[{"name":"wp","href":"https:\/\/api.w.org\/{rel}","templated":true}]}}